{"id":2889,"date":"2018-09-10T10:58:06","date_gmt":"2018-09-10T10:58:06","guid":{"rendered":"http:\/\/www.latevaruta.com\/?page_id=2889"},"modified":"2023-08-08T17:50:10","modified_gmt":"2023-08-08T17:50:10","slug":"descobreix-nos","status":"publish","type":"page","link":"https:\/\/latevaruta.com\/ca\/descobreix-nos\/","title":{"rendered":"Qui S\u00f3c"},"content":{"rendered":"<section class=\"wpb-content-wrapper\"><p>[vc_row iw_layout=&#8221;wide-bg&#8221; css=&#8221;.vc_custom_1536050361798{padding-top: 30px !important;padding-bottom: 40px !important;}&#8221;][vc_column][vc_custom_heading text=&#8221;La teva ruta&#8221; font_container=&#8221;tag:h2|font_size:48px|text_align:center|color:%23000000|line_height:58px&#8221; use_theme_fonts=&#8221;yes&#8221;][vc_custom_heading text=&#8221;DESCOBREIX LA HIST\u00d2RIA AMB NOSALTRES&#8221; font_container=&#8221;tag:h3|font_size:20px|text_align:center|color:%23838383|line_height:20px&#8221; use_theme_fonts=&#8221;yes&#8221;][vc_separator color=&#8221;custom&#8221; el_width=&#8221;10&#8243; accent_color=&#8221;#9d1643&#8243;][vc_empty_space height=&#8221;30px&#8221;][vc_row_inner][vc_column_inner width=&#8221;1\/2&#8243;][vc_column_text]El meu nom \u00e9s Mari Carme i s\u00f3c qui hi ha darrere de <strong>La teva ruta<\/strong>.<\/p>\n<p>S\u00f3c Guia Habilitada per la Generalitat de Catalunya, llicenciada en Hist\u00f2ria de l&#8217;Art i M\u00e0ster en Gesti\u00f3 de l&#8217;Patrimoni Cultural. Una de les meves primeres experi\u00e8ncies professionals despr\u00e9s d&#8217;acabar els meus estudis va ser el guiatge en exposicions de diversos centres culturals. La possibilitat de transmetre els coneixements i sensacions entorn a el patrimoni cultural va ser sens dubte una gran motivaci\u00f3 per continuar en el camp del turisme cultural.<\/p>\n<p>Ofereixo visites guiades per a tots els p\u00fablics a les prov\u00edncies de Tarragona i Barcelona. Des destinacions tan cl\u00e0ssiques com les nostres capitals fins als pobles m\u00e9s petits de la prov\u00edncia de Tarragona.<\/p>\n<p>En aquests \u00faltims 10 anys he tingut l&#8217;ocasi\u00f3 de compartir els tresors de la meva regi\u00f3 amb un gran nombre de persones, edats, proced\u00e8ncies i interessos i, a m\u00e9s, he tingut l&#8217;oportunitat de crear rutes tem\u00e0tiques, vivencials i creatives per poder oferir-te experi\u00e8ncies memorables.<\/p>\n<p>Desitjo que trobis <strong>La teva ruta<\/strong> i que gaudeixis de la teva estada, amb mi.[\/vc_column_text][vc_custom_heading text=&#8221;Numere d&#8217;habilitaci\u00f3 de guia de turisme de Catalunya 2.871&#8243; font_container=&#8221;tag:h4|font_size:18px|text_align:left|color:%239d1643|line_height:18px&#8221; use_theme_fonts=&#8221;yes&#8221;][\/vc_column_inner][vc_column_inner width=&#8221;1\/2&#8243;][vc_single_image image=&#8221;5512&#8243; img_size=&#8221;full&#8221;][\/vc_column_inner][\/vc_row_inner][\/vc_column][\/vc_row][vc_row full_width=&#8221;stretch_row&#8221; iw_layout=&#8221;boxed&#8221; css=&#8221;.vc_custom_1536569497255{margin-bottom: 0px !important;padding-top: 50px !important;padding-bottom: 50px !important;background-color: #f9f9f9 !important;}&#8221;][vc_column][vc_custom_heading text=&#8221;T&#8217;organitzem la teva visita guiada&#8221; font_container=&#8221;tag:h3|font_size:48px|text_align:center|color:%23000000|line_height:58px&#8221; use_theme_fonts=&#8221;yes&#8221;][vc_custom_heading text=&#8221;DESCOBREIX LA HIST\u00d2RIA AMB NOSALTRES&#8221; font_container=&#8221;tag:h3|font_size:20px|text_align:center|color:%23838383|line_height:20px&#8221; use_theme_fonts=&#8221;yes&#8221;][vc_separator color=&#8221;custom&#8221; el_width=&#8221;10&#8243; accent_color=&#8221;#9d1643&#8243;][vc_row_inner content_placement=&#8221;middle&#8221; el_class=&#8221;box-shadow&#8221;][vc_column_inner el_class=&#8221;ico-box&#8221; width=&#8221;1\/3&#8243;][vc_single_image image=&#8221;3479&#8243; img_size=&#8221;100&#215;100&#8243; alignment=&#8221;center&#8221;][vc_custom_heading text=&#8221;Visites per a col\u00b7legis \/ universitats&#8221; font_container=&#8221;tag:h4|text_align:center|color:%23ffffff&#8221; use_theme_fonts=&#8221;yes&#8221;][\/vc_column_inner][vc_column_inner el_class=&#8221;cuadrovisitas&#8221; width=&#8221;2\/3&#8243;][vc_column_text]Oferim visites guiades de les nostres destinacions a grups d&#8217;estudiants de Prim\u00e0ria, Secund\u00e0ria i Universitats. Adaptem el contingut al curr\u00edculum escolar, necessitats i interessos. Tamb\u00e9 fem visites guiades per a joves estudiants que gaudeixen del seu viatge de fi de curs a la Costa Daurada, zona en la qual poden descobrir importants ciutats, monuments i espais naturals: Tarragona, Barcelona, \u200b\u200bEl Parc Natural del Delta de l&#8217;Ebre, monuments com els monestirs del Cister, etc. Tamb\u00e9 donem a con\u00e8ixer les principals destinacions a estudiants universitaris estrangers, en angl\u00e8s.<\/p>\n<p><a href=\"\/?p=4057\">Mesures de prevenci\u00f3 de contagi per COVID-19<\/a>[\/vc_column_text]<div class=\"iw-button  button1  ibutton-small background-opacity\"><div class=\"iw-button-text theme-bg_hover\"><a style=\"\" class=\"button-text  theme-bg color-white border-grey square width-auto\" href=\"https:\/\/latevaruta.com\/ca\/#visitasguiadas\">Descobreix les nostres visites guiades<\/a><\/div><div style=\"clear: both\"><\/div><\/div>[\/vc_column_inner][\/vc_row_inner][vc_row_inner content_placement=&#8221;middle&#8221; el_class=&#8221;box-shadow&#8221; css=&#8221;.vc_custom_1549298033497{margin-top: 25px !important;}&#8221;][vc_column_inner el_class=&#8221;ico-box&#8221; width=&#8221;1\/3&#8243;][vc_single_image image=&#8221;3486&#8243; img_size=&#8221;100&#215;100&#8243; alignment=&#8221;center&#8221;][vc_custom_heading text=&#8221;Visites per a ag\u00e8ncies de viatges&#8221; font_container=&#8221;tag:h4|text_align:center|color:%23ffffff&#8221; use_theme_fonts=&#8221;yes&#8221;][\/vc_column_inner][vc_column_inner el_class=&#8221;cuadrovisitas&#8221; width=&#8221;2\/3&#8243;][vc_column_text]Treballem per a diverses ag\u00e8ncies de viatges i oferim visites guiades per als seus grups, tant excursions d&#8217;un dia com visites de circuits tur\u00edstics. Les ag\u00e8ncies trobaran en aquesta web els principals llocs on fem visites guiades. Podem adaptar les sortides a les seves propostes, i al temps del qual disposen, i fins i tot ajudar-los a trobar serveis complementaris com restaurants o allotjaments. Tamb\u00e9 treballem per a ag\u00e8ncies que porten grups privats, per als quals oferim serveis m\u00e9s detallats i al gust del client.<\/p>\n<p><a href=\"\/?p=4057\">Mesures de prevenci\u00f3 de contagi per COVID-19<\/a>[\/vc_column_text]<div class=\"iw-button  button1  ibutton-small background-opacity\"><div class=\"iw-button-text theme-bg_hover\"><a style=\"\" class=\"button-text  theme-bg color-white border-grey square width-auto\" href=\"https:\/\/latevaruta.com\/ca\/#visitasguiadas\">Descobreix les nostres visites guiades<\/a><\/div><div style=\"clear: both\"><\/div><\/div>[\/vc_column_inner][\/vc_row_inner][vc_row_inner content_placement=&#8221;middle&#8221; el_class=&#8221;box-shadow&#8221; css=&#8221;.vc_custom_1549298045512{margin-top: 25px !important;}&#8221;][vc_column_inner el_class=&#8221;ico-box&#8221; width=&#8221;1\/3&#8243;][vc_single_image image=&#8221;3490&#8243; img_size=&#8221;100&#215;100&#8243; alignment=&#8221;center&#8221;][vc_custom_heading text=&#8221;Visites per a empreses \/ entitats&#8221; font_container=&#8221;tag:h4|text_align:center|color:%23ffffff&#8221; use_theme_fonts=&#8221;yes&#8221;][\/vc_column_inner][vc_column_inner el_class=&#8221;cuadrovisitas&#8221; width=&#8221;2\/3&#8243;][vc_column_text]Si sou una empresa i voleu oferir un incentiu als vostres empleats o un detall als vostres clients, us oferim diverses possibilitats de visites guiades. Al marge de les propostes que podeu trobar a la web, us podem dissenyar experi\u00e8ncies personalitzades que poden incloure visites a cellers, tasts o activitats de turisme actiu, en col\u00b7laboraci\u00f3 amb agents locals. Tamb\u00e9 podem gestionar serveis de transport, com autocars, entrades a museus \/ monuments i restaurants. Si sou una associaci\u00f3 i feu sortides culturals regulars, aqu\u00ed podeu trobar visites i experi\u00e8ncies que potser no hagueu fet abans. Descobreix-les!<\/p>\n<p><a href=\"\/?p=4057\">Mesures de prevenci\u00f3 de contagi per COVID-19<\/a>[\/vc_column_text]<div class=\"iw-button  button1  ibutton-small background-opacity\"><div class=\"iw-button-text theme-bg_hover\"><a style=\"\" class=\"button-text  theme-bg color-white border-grey square width-auto\" href=\"https:\/\/latevaruta.com\/ca\/#visitasguiadas\">Descobreix les nostres visites guiades<\/a><\/div><div style=\"clear: both\"><\/div><\/div>[\/vc_column_inner][\/vc_row_inner][vc_row_inner content_placement=&#8221;middle&#8221; el_class=&#8221;box-shadow&#8221; css=&#8221;.vc_custom_1549298057493{margin-top: 25px !important;}&#8221;][vc_column_inner el_class=&#8221;ico-box&#8221; width=&#8221;1\/3&#8243;][vc_single_image image=&#8221;3494&#8243; img_size=&#8221;100&#215;100&#8243; alignment=&#8221;center&#8221;][vc_custom_heading text=&#8221;Visites per a fam\u00edlies \/ particulars&#8221; font_container=&#8221;tag:h4|text_align:center|color:%23ffffff&#8221; use_theme_fonts=&#8221;yes&#8221;][\/vc_column_inner][vc_column_inner el_class=&#8221;cuadrovisitas&#8221; width=&#8221;2\/3&#8243;][vc_column_text]Tamb\u00e9 pensem en el p\u00fablic familiar i especialment en els turistes m\u00e9s exigents, els nens! Us podem dissenyar la vostra ruta, us aconsellem quins llocs podeu visitar i quines activitats podeu fer, segons els vostres interessos i del temps que disposeu. Ens encarreguem de gestionar reserves, entrades, etc. Tamb\u00e9 us proposem fins a 3 visites guiades especialment creades per <em>La Teva Ruta<\/em> per a fam\u00edlies amb nens, amb les quals, tant petits com grans, podran participar amb jocs, activitats din\u00e0miques i divertides que ajuden a descobrir el patrimoni de forma amena i educativa.<\/p>\n<p><a href=\"\/?p=4057\">Mesures de prevenci\u00f3 de contagi per COVID-19<\/a>[\/vc_column_text]<div class=\"iw-button  button1  ibutton-small background-opacity\"><div class=\"iw-button-text theme-bg_hover\"><a style=\"\" class=\"button-text  theme-bg color-white border-grey square width-auto\" href=\"https:\/\/latevaruta.com\/ca\/tours-familiars\/\">Descobreix les visites familiars<\/a><\/div><div style=\"clear: both\"><\/div><\/div>[\/vc_column_inner][\/vc_row_inner][\/vc_column][\/vc_row][vc_row iw_layout=&#8221;boxed&#8221; css=&#8221;.vc_custom_1549297241515{padding-top: 60px !important;padding-bottom: 60px !important;}&#8221;][vc_column]                    <div class=\"iw-contact iw-contact-us iw-contact-address style1 \">\r\n                        <div class=\"row\">\r\n                            <div class=\"ajax-overlay\">\r\n                                <span class=\"ajax-loading\"><i class=\"fa fa-spinner fa-spin fa-2x\"><\/i><\/span>\r\n                            <\/div>\r\n                            <div class=\"headding-bottom\"><\/div>\r\n                            <div class=\"col-md-8 col-md-8 col-xs-12\">\r\n                                <div class=\"iw-form-group\">\r\n                                    <form method=\"post\" name=\"contact-form\">\r\n                                                                                    <h3 class=\"title_contact_form\"><span>Demana pressupost per la teva ruta<\/span><\/h3>\r\n                                                                                <div class=\"row\">\r\n                                                                                            <div class=\"form-group iw-display col-md-6 col-sm-12 col-xs-12\">\r\n                                                    <input type=\"text\" placeholder=\"First name\"\r\n                                                           required=\"required\" id=\"name\" class=\"control\" name=\"name\">\r\n                                                <\/div>\r\n                                                                                                <div class=\"form-group iw-display col-md-6 col-sm-12 col-xs-12\">\r\n                                                    <input type=\"email\" placeholder=\"Email address\"\r\n                                                           required=\"required\" id=\"email\" class=\"control\" name=\"email\">\r\n                                                <\/div>\r\n                                                                                                <div class=\"form-group iw-display col-md-12 col-sm-12 col-xs-12\">\r\n                                                    <input type=\"text\" placeholder=\"Your website\"\r\n                                                           id=\"website\" class=\"control\" name=\"website\">\r\n                                                <\/div>\r\n                                                                                                <div class=\"form-group iw-display iw-textarea-form iw-float-none col-md-12 col-sm-12 col-xs-12\">\r\n                                                    <textarea placeholder=\"Write message\"\r\n                                                              id=\"message\" class=\"control\" required=\"required\" name=\"message\"><\/textarea>\r\n                                                <\/div>\r\n                                                                                        <div class=\"form-group form-submit clearfix col-xs-12\">\r\n                                                <input name=\"action\" type=\"hidden\" value=\"sendMessageContact\">\r\n                                                <input name=\"mailto\" type=\"hidden\" value=\"info@latevaruta.com\">\r\n                                                <button class=\"btn-submit theme-bg\" name=\"submit\"\r\n                                                        type=\"submit\">Enviar<\/button>\r\n                                                <span>(*) is require information<\/span>\r\n                                            <\/div>\r\n                                            <div class=\"form-group col-md-12 form-message\"><\/div>\r\n                                        <\/div>\r\n                                    <\/form>\r\n                                <\/div>\r\n                            <\/div>\r\n                            <div class=\"col-md-4 col-md-4 col-xs-12\">\r\n                                <div class=\"iw-contact-address-right\">\r\n                                    <div class=\"iw-address iw-head-office\">\r\n                                        <div class=\"icon\"><i class=\"fa fa-building-o\"><\/i><\/div>\r\n                                        <div class=\"text-address\">\r\n                                            <h4 class=\"title\">Head office<\/h4>\r\n                                            <div class=\"address\">Nom<\/div>\r\n                                        <\/div>\r\n                                    <\/div>\r\n                                    <div class=\"iw-address iw-phone-numbers\">\r\n                                        <div class=\"icon\"><i class=\"fa fa-phone-square\"><\/i><\/div>\r\n                                        <div class=\"text-address\">\r\n                                            <h4 class=\"title\">Phone numbers<\/h4>\r\n                                            <div class=\"address\">Tel\u00e8fon<\/div>\r\n                                        <\/div>\r\n                                    <\/div>\r\n                                    <div class=\"iw-address iw-email-address\">\r\n                                        <div class=\"icon\"><i class=\"fa fa-envelope-o\"><\/i><\/div>\r\n                                        <div class=\"text-address\">\r\n                                            <h4 class=\"title\">Email address<\/h4>\r\n                                            <div class=\"address\">Email<\/div>\r\n                                        <\/div>\r\n                                    <\/div>\r\n                                    <div class=\"iw-address iw-support-services\">\r\n                                        <div class=\"icon\"><i class=\"fa fa-microphone\"><\/i><\/div>\r\n                                        <div class=\"text-address\">\r\n                                            <h4 class=\"title\">Get support services<\/h4>\r\n                                            <div class=\"address\"><\/div>\r\n                                        <\/div>\r\n                                    <\/div>\r\n                                <\/div>\r\n                            <\/div>\r\n                        <\/div>\r\n                    <\/div>\r\n                    [\/vc_column][\/vc_row][vc_row iw_layout=&#8221;wide-bg&#8221; css=&#8221;.vc_custom_1549297219972{padding-top: 60px !important;padding-bottom: 60px !important;}&#8221;][vc_column][vc_custom_heading text=&#8221;Entitats per a les quals treballem&#8221; font_container=&#8221;tag:h4|font_size:40px|text_align:center|color:%23000000|line_height:50px&#8221; use_theme_fonts=&#8221;yes&#8221;][vc_row_inner][vc_column_inner width=&#8221;1\/4&#8243;][vc_single_image image=&#8221;2836&#8243; img_size=&#8221;full&#8221; alignment=&#8221;center&#8221;][\/vc_column_inner][vc_column_inner width=&#8221;1\/4&#8243;][vc_single_image image=&#8221;2830&#8243; img_size=&#8221;full&#8221; alignment=&#8221;center&#8221;][\/vc_column_inner][vc_column_inner width=&#8221;1\/4&#8243;][vc_single_image image=&#8221;2839&#8243; img_size=&#8221;full&#8221; alignment=&#8221;center&#8221;][\/vc_column_inner][vc_column_inner width=&#8221;1\/4&#8243;][vc_single_image image=&#8221;2833&#8243; img_size=&#8221;full&#8221; alignment=&#8221;center&#8221;][\/vc_column_inner][\/vc_row_inner][vc_row_inner][vc_column_inner width=&#8221;1\/2&#8243;][vc_single_image image=&#8221;4155&#8243; img_size=&#8221;full&#8221; alignment=&#8221;center&#8221;][\/vc_column_inner][vc_column_inner width=&#8221;1\/2&#8243;][\/vc_column_inner][\/vc_row_inner][\/vc_column][\/vc_row]<\/p>\n<\/section>","protected":false},"excerpt":{"rendered":"<p>[vc_row iw_layout=&#8221;wide-bg&#8221; css=&#8221;.vc_custom_1536050361798{padding-top: 30px !important;padding-bottom: 40px !important;}&#8221;][vc_column][vc_custom_heading text=&#8221;La teva ruta&#8221; font_container=&#8221;tag:h2|font_size:48px|text_align:center|color:%23000000|line_height:58px&#8221; use_theme_fonts=&#8221;yes&#8221;][vc_custom_heading text=&#8221;DESCOBREIX LA HIST\u00d2RIA AMB NOSALTRES&#8221; font_container=&#8221;tag:h3|font_size:20px|text_align:center|color:%23838383|line_height:20px&#8221; use_theme_fonts=&#8221;yes&#8221;][vc_separator color=&#8221;custom&#8221; el_width=&#8221;10&#8243; accent_color=&#8221;#9d1643&#8243;][vc_empty_space height=&#8221;30px&#8221;][vc_row_inner][vc_column_inner width=&#8221;1\/2&#8243;][vc_column_text]El meu nom \u00e9s Mari Carme i s\u00f3c qui hi ha darrere de La teva ruta. S\u00f3c Guia Habilitada per la Generalitat de Catalunya, llicenciada en Hist\u00f2ria de l&#8217;Art i M\u00e0ster en [&hellip;]<\/p>\n","protected":false},"author":1,"featured_media":0,"parent":0,"menu_order":7,"comment_status":"closed","ping_status":"closed","template":"page-templates\/full-width-page.php","meta":{"footnotes":""},"class_list":["post-2889","page","type-page","status-publish","hentry"],"_links":{"self":[{"href":"https:\/\/latevaruta.com\/ca\/wp-json\/wp\/v2\/pages\/2889","targetHints":{"allow":["GET"]}}],"collection":[{"href":"https:\/\/latevaruta.com\/ca\/wp-json\/wp\/v2\/pages"}],"about":[{"href":"https:\/\/latevaruta.com\/ca\/wp-json\/wp\/v2\/types\/page"}],"author":[{"embeddable":true,"href":"https:\/\/latevaruta.com\/ca\/wp-json\/wp\/v2\/users\/1"}],"replies":[{"embeddable":true,"href":"https:\/\/latevaruta.com\/ca\/wp-json\/wp\/v2\/comments?post=2889"}],"version-history":[{"count":4,"href":"https:\/\/latevaruta.com\/ca\/wp-json\/wp\/v2\/pages\/2889\/revisions"}],"predecessor-version":[{"id":5516,"href":"https:\/\/latevaruta.com\/ca\/wp-json\/wp\/v2\/pages\/2889\/revisions\/5516"}],"wp:attachment":[{"href":"https:\/\/latevaruta.com\/ca\/wp-json\/wp\/v2\/media?parent=2889"}],"curies":[{"name":"wp","href":"https:\/\/api.w.org\/{rel}","templated":true}]}}