{"id":3677,"date":"2019-07-08T14:09:01","date_gmt":"2019-07-08T14:09:01","guid":{"rendered":"http:\/\/latevaruta.com\/?page_id=3677"},"modified":"2022-07-08T07:15:53","modified_gmt":"2022-07-08T07:15:53","slug":"sketching-tours","status":"publish","type":"page","link":"https:\/\/latevaruta.com\/ca\/sketching-tours\/","title":{"rendered":"Sketching tours"},"content":{"rendered":"<section class=\"wpb-content-wrapper\"><p>&nbsp;<\/p>\n<p>&nbsp;<\/p>\n<p><strong>PARC SAM\u00c0 SKETCHING TOUR<\/strong><\/p>\n<figure id=\"attachment_4530\" aria-describedby=\"caption-attachment-4530\" style=\"width: 300px\" class=\"wp-caption alignnone\"><img loading=\"lazy\" decoding=\"async\" class=\"size-medium wp-image-4530\" src=\"https:\/\/latevaruta.com\/wp-content\/uploads\/2021\/06\/IMG_20191005_112356_443-300x225.jpg\" alt=\"\" width=\"300\" height=\"225\" srcset=\"https:\/\/latevaruta.com\/wp-content\/uploads\/2021\/06\/IMG_20191005_112356_443-300x225.jpg 300w, https:\/\/latevaruta.com\/wp-content\/uploads\/2021\/06\/IMG_20191005_112356_443-1024x768.jpg 1024w, https:\/\/latevaruta.com\/wp-content\/uploads\/2021\/06\/IMG_20191005_112356_443-768x576.jpg 768w, https:\/\/latevaruta.com\/wp-content\/uploads\/2021\/06\/IMG_20191005_112356_443-1536x1152.jpg 1536w, https:\/\/latevaruta.com\/wp-content\/uploads\/2021\/06\/IMG_20191005_112356_443-2048x1536.jpg 2048w\" sizes=\"auto, (max-width: 300px) 100vw, 300px\" \/><figcaption id=\"caption-attachment-4530\" class=\"wp-caption-text\">Parc Sam\u00e0<\/figcaption><\/figure>\n<p>Coneix la hist\u00f2ria del Parc Sam\u00e0, un dels espais m\u00e9s inspiradors de la comarca del Baix Camp.\u00a0 Aquest jard\u00ed privat situat al terme de Cambrils, va ser constru\u00eft per Salvador Sam\u00e0 a finals dels segle XIX. Un espai que recull la influ\u00e8ncia colonial portada pels seus antecessors indians.<\/p>\n<p>Al llarg de la visita us proposarem diferents excercicis amb els quals podreu crear esbossos amb diferents t\u00e8cniques.<\/p>\n<p>No \u00e9s necessari un nivell avan\u00e7at de dibuix. Cal portar aquarel\u00b7les (o qualsevol altre material amb el qual treballeu) i suport per pintar.<\/p>\n<p><strong>Durada:<\/strong> 3 hores<\/p>\n<p><strong>Preu (inclou entrada al Parc)<\/strong>: 24\u20ac adults i 12\u20ac els nens (7-16 anys). Estudiants, docents i seniors 20\u20ac.<\/p>\n<p><strong>Dates:<\/strong> 24 de juliol. Per altres dates contacta amb nosaltres i concertem la teva visita privada.<\/p>\n<p>V\u00cdDEO:<\/p>\n<p><a href=\"https:\/\/youtu.be\/K8IpRVmEKoo\" target=\"_blank\" rel=\"noopener\">Sketching Tour al Parc Sam\u00e0 (2019)<\/a><\/p>\n<p><a href=\"https:\/\/youtu.be\/rW0xAJiXEg4\" target=\"_blank\" rel=\"noopener\">Sketching Tour al Parc Sam\u00e0 (2020)<\/a><\/p>\n<p>&nbsp;<\/p>\n<p class=\"p1\"><strong>REUS SKETCHING TOUR<\/strong><\/p>\n<figure id=\"attachment_4533\" aria-describedby=\"caption-attachment-4533\" style=\"width: 300px\" class=\"wp-caption alignnone\"><img loading=\"lazy\" decoding=\"async\" class=\"size-medium wp-image-4533\" src=\"https:\/\/latevaruta.com\/wp-content\/uploads\/2021\/06\/DSC_8808-300x200.jpg\" alt=\"\" width=\"300\" height=\"200\" srcset=\"https:\/\/latevaruta.com\/wp-content\/uploads\/2021\/06\/DSC_8808-300x200.jpg 300w, https:\/\/latevaruta.com\/wp-content\/uploads\/2021\/06\/DSC_8808-1024x683.jpg 1024w, https:\/\/latevaruta.com\/wp-content\/uploads\/2021\/06\/DSC_8808-768x512.jpg 768w, https:\/\/latevaruta.com\/wp-content\/uploads\/2021\/06\/DSC_8808-1536x1024.jpg 1536w, https:\/\/latevaruta.com\/wp-content\/uploads\/2021\/06\/DSC_8808-2048x1365.jpg 2048w\" sizes=\"auto, (max-width: 300px) 100vw, 300px\" \/><figcaption id=\"caption-attachment-4533\" class=\"wp-caption-text\">Reus<\/figcaption><\/figure>\n<p class=\"p1\">Alhora que donem a con\u00e8ixer les arrels hist\u00f2riques i alguns dels racons m\u00e9s emblem\u00e0tics de la ciutat de Reus, s\u2019ofereix una ruta guiada on introduir i aprofitar els elements art\u00edstics que ens ofereix el paisatge urb\u00e0 de Reus.<\/p>\n<p class=\"p1\">No \u00e9s necessari un nivell avan\u00e7at de dibuix.<\/p>\n<p><strong>Durada:<\/strong> 3 hores.<\/p>\n<p class=\"p1\"><b>Preu:<\/b> Contacta amb nosaltres per consultar les tarifes de grups.<\/p>\n<p><strong>Data i horari: <\/strong>Contacta amb nosaltes per concertar data<\/p>\n<p>&nbsp;<\/p>\n<p><strong>MAS MIR\u00d3 SKETCHING TOUR<\/strong><\/p>\n<figure id=\"attachment_4527\" aria-describedby=\"caption-attachment-4527\" style=\"width: 300px\" class=\"wp-caption alignnone\"><img loading=\"lazy\" decoding=\"async\" class=\"size-medium wp-image-4527\" src=\"https:\/\/latevaruta.com\/wp-content\/uploads\/2021\/06\/DSC_2700-300x199.jpg\" alt=\"\" width=\"300\" height=\"199\" srcset=\"https:\/\/latevaruta.com\/wp-content\/uploads\/2021\/06\/DSC_2700-300x199.jpg 300w, https:\/\/latevaruta.com\/wp-content\/uploads\/2021\/06\/DSC_2700-1024x678.jpg 1024w, https:\/\/latevaruta.com\/wp-content\/uploads\/2021\/06\/DSC_2700-768x509.jpg 768w, https:\/\/latevaruta.com\/wp-content\/uploads\/2021\/06\/DSC_2700-1536x1017.jpg 1536w, https:\/\/latevaruta.com\/wp-content\/uploads\/2021\/06\/DSC_2700-2048x1356.jpg 2048w\" sizes=\"auto, (max-width: 300px) 100vw, 300px\" \/><figcaption id=\"caption-attachment-4527\" class=\"wp-caption-text\">Mas Mir\u00f3<\/figcaption><\/figure>\n<p>Us acompanyarem a descobrir la hist\u00f2ria de la masia on l&#8217;artista Joan Mir\u00f3 passava els estius des dels 18 anys i coneixerem les obres que va gestar aqu\u00ed gr\u00e0cies al seu important vincle amb Mont-roig. Al llarg de la visita crearem petites obres d&#8217;art inspirades en l&#8217;univers Mironi\u00e0, utilitzant diverses t\u00e8cniques i materials, alguns fins i tot ben curiosos com el vi i els elements de la terra.<\/p>\n<p><strong>Durada<\/strong>: 2,5 hores.<\/p>\n<p><strong>Preu:<\/strong> 29\u20ac adults i 22\u20ac nens (8-14 a\u00f1os) i majors de 65 anys.<\/p>\n<p><strong>Dates:<\/strong> 26 de Juny, 24 de Juliol i 21 d&#8217;Agost de 2021 a les 10.30.<\/p>\n<p><a href=\"\/?p=4565\">Veure entrada al Bloc<\/a><\/p>\n<p>&nbsp;<\/p>\n<p class=\"p1\">A c\u00e0rrec de M.Carme Granados i Mar Ramos.<\/p>\n<p class=\"p1\"><b>M\u00aa Carme Granados<\/b>, Guia Oficial de Turisme de Catalunya, llicenciada en Hist\u00f2ria de l\u2019Art i M\u00e0ster Oficial en Gesti\u00f3 del Patrimoni Cultural. Es dedica al guiatge tur\u00edstic des de l\u2019any 2010. L\u2019any 2013 crea l\u2019empresa La teva ruta , la qual ofereix visites guiades a nombroses poblacions de les prov\u00edncies de<\/p>\n<p class=\"p1\">Tarragona i Barcelona.<\/p>\n<p class=\"p1\"><b>Mar Ramos<\/b>, artista del territori, \u00e9s llicenciada en Belles Arts per la Universitat de Barcelona, amb especialitzaci\u00f3 de Postgrau en Funcions del Dibuix i M\u00e0ster en formaci\u00f3 del professorat de Dibuix, tamb\u00e9 s\u2019ha dedicat a formar-se en l\u2019\u00fas dels recursos did\u00e0ctics del patrimoni cultural.<\/p>\n<p class=\"p1\">Ha col\u00b7laborat en diferents projectes culturals i educatius, interessada en la difusi\u00f3 de l\u2019educaci\u00f3 art\u00edstica fora dels \u00e0mbits acad\u00e8mics. Actualment combina la doc\u00e8ncia art\u00edstica amb la gesti\u00f3 d\u2019activitats en l\u2019\u00e0mbit muse\u00edstic.<\/p>\n<p>&nbsp;<\/p>\n<p>[\/vc_column_text][\/vc_column][\/vc_row][vc_row][vc_column width=&#8221;1\/4&#8243;][vc_single_image image=&#8221;3670&#8243; img_size=&#8221;full&#8221; alignment=&#8221;center&#8221; onclick=&#8221;link_image&#8221;][\/vc_column][vc_column width=&#8221;1\/4&#8243;][vc_single_image image=&#8221;3667&#8243; img_size=&#8221;full&#8221; alignment=&#8221;center&#8221; onclick=&#8221;link_image&#8221;][\/vc_column][vc_column width=&#8221;1\/4&#8243;][vc_single_image image=&#8221;3664&#8243; img_size=&#8221;full&#8221; alignment=&#8221;center&#8221; onclick=&#8221;link_image&#8221;][\/vc_column][vc_column width=&#8221;1\/4&#8243;][vc_single_image image=&#8221;3661&#8243; img_size=&#8221;full&#8221; alignment=&#8221;center&#8221; onclick=&#8221;link_image&#8221;][\/vc_column][\/vc_row]<\/p>\n<\/section>","protected":false},"excerpt":{"rendered":"<p>&nbsp; &nbsp; PARC SAM\u00c0 SKETCHING TOUR Coneix la hist\u00f2ria del Parc Sam\u00e0, un dels espais m\u00e9s inspiradors de la comarca del Baix Camp.\u00a0 Aquest jard\u00ed privat situat al terme de Cambrils, va ser constru\u00eft per Salvador Sam\u00e0 a finals dels segle XIX. Un espai que recull la influ\u00e8ncia colonial portada pels seus antecessors indians. Al [&hellip;]<\/p>\n","protected":false},"author":4,"featured_media":0,"parent":0,"menu_order":0,"comment_status":"closed","ping_status":"closed","template":"","meta":{"footnotes":""},"class_list":["post-3677","page","type-page","status-publish","hentry"],"_links":{"self":[{"href":"https:\/\/latevaruta.com\/ca\/wp-json\/wp\/v2\/pages\/3677","targetHints":{"allow":["GET"]}}],"collection":[{"href":"https:\/\/latevaruta.com\/ca\/wp-json\/wp\/v2\/pages"}],"about":[{"href":"https:\/\/latevaruta.com\/ca\/wp-json\/wp\/v2\/types\/page"}],"author":[{"embeddable":true,"href":"https:\/\/latevaruta.com\/ca\/wp-json\/wp\/v2\/users\/4"}],"replies":[{"embeddable":true,"href":"https:\/\/latevaruta.com\/ca\/wp-json\/wp\/v2\/comments?post=3677"}],"version-history":[{"count":9,"href":"https:\/\/latevaruta.com\/ca\/wp-json\/wp\/v2\/pages\/3677\/revisions"}],"predecessor-version":[{"id":5087,"href":"https:\/\/latevaruta.com\/ca\/wp-json\/wp\/v2\/pages\/3677\/revisions\/5087"}],"wp:attachment":[{"href":"https:\/\/latevaruta.com\/ca\/wp-json\/wp\/v2\/media?parent=3677"}],"curies":[{"name":"wp","href":"https:\/\/api.w.org\/{rel}","templated":true}]}}